{"id":6,"date":"2016-05-17T18:30:46","date_gmt":"2016-05-17T17:30:46","guid":{"rendered":"https:\/\/www.demenagementbesancon25000.fr\/?page_id=6"},"modified":"2023-12-04T10:03:36","modified_gmt":"2023-12-04T09:03:36","slug":"demenageur","status":"publish","type":"page","link":"https:\/\/www.demenagementbesancon25000.fr\/","title":{"rendered":"D\u00e9m\u00e9nagement Besan\u00e7on depuis 2006"},"content":{"rendered":"\n<p>Nous vous dressons un <a href=\"https:\/\/www.demenageur.com\/devis-demenagement\/\">devis d\u00e9m\u00e9nagement gratuitement<\/a> quelles que soient vos exigences.<\/p>\n\n\n\n<h2 class=\"wp-block-heading\">D\u00e9m\u00e9nager sereinement, c\u2019est possible gr\u00e2ce aux conseils suivants !<\/h2>\n\n\n\n<p>\u00c9vitez le stress pendant votre d\u00e9m\u00e9nagement demenageur.com\u00a0gr\u00e2ce \u00e0 une bonne organisation. Il s\u2019agit rarement d\u2019une partie de plaisir et pourtant, en vous pr\u00e9parant t\u00f4t, vous constaterez que cet \u00e9v\u00e9nement n\u2019est, en d\u00e9finitive, pas un mauvais souvenir du tout. En g\u00e9n\u00e9ral, plus vous avez d\u2019affaires \u00e0 emporter et plus vous devez vous prendre t\u00f4t pour pr\u00e9parer votre d\u00e9part. Outre l\u2019empaquetage de vos objets, l\u2019achat des carton de d\u00e9m\u00e9nagement , les d\u00e9marches administratives ainsi que la recherche de votre entreprise de d\u00e9m\u00e9nagement\u00a0sont les principales \u00e9tapes \u00e0 r\u00e9aliser avant le jour J.<br> Ainsi, du c\u00f4t\u00e9 paperasse, r\u00e9siliez votre bail dans les d\u00e9lais d\u00e9termin\u00e9s par votre contrat. Il est ensuite important d\u2019informer votre banque et votre assureur de votre changement d\u2019adresse. D\u2019autre part, comme votre courrier doit parvenir \u00e0 votre nouvelle adresse, alors faites-le suivre par la Poste. Pensez de m\u00eame \u00e0 vos abonnements eau, gaz et \u00e9lectricit\u00e9. Faites un relev\u00e9 de vos compteurs et envoyez les valeurs \u00e0 vos prestataires. Par la m\u00eame occasion, demandez l\u2019ouverture des compteurs de votre nouvelle habitation pour qu\u2019elle soit fonctionnelle \u00e0 votre arriv\u00e9e. Concernant vos contrats de t\u00e9l\u00e9phone, t\u00e9l\u00e9vision et internet, vous avez le choix entre transf\u00e9rer vos lignes ou les r\u00e9silier si vous souhaitez b\u00e9n\u00e9ficier des services d\u2019autres compagnies.<br> Du c\u00f4t\u00e9 pratique, n\u2019oubliez pas de prendre quelques jours de disponibilit\u00e9 avant le jour de d\u00e9part. Attelez-vous \u00e0 empaqueter vos biens au moins un mois avant le grand jour. Pour quoi ne pas emballer en premier lieu vos objets de d\u00e9coration ainsi que les affaires qui ne vous servent pas tous les jours ? Rep\u00e9rez \u00e9galement les objets dont vous n\u2019aurez plus besoin dans votre nouvelle demeure. Donnez-les ou bien apportez-les \u00e0 la d\u00e9chetterie. Enfin, pensez-y : souvent un d\u00e9m\u00e9nagement est aussi une opportunit\u00e9 pour renouveler votre \u00e9lectrom\u00e9nager !<\/p>\n\n\n\n<h2 class=\"wp-block-heading\">Bien s\u2019\u00e9quiper pour un d\u00e9m\u00e9nagement dans les meilleures conditions<\/h2>\n\n\n\n<p>Vous avez besoin d\u2019un \u00e9quipement adapt\u00e9 pour r\u00e9ussir votre d\u00e9m\u00e9nagement. Les carton de d\u00e9m\u00e9nagement sont ainsi les plus incontournables. \u00c9valuez le volume de vos affaires pour ne pas vous retrouver au d\u00e9pourvu. Un conseil malin est de vous rendre sur un site web sp\u00e9cialis\u00e9 qui propose le calcul de vos besoins en cartons et en mat\u00e9riel de d\u00e9m\u00e9nagement. Les crit\u00e8res pris en compte sont g\u00e9n\u00e9ralement le nombre d\u2019occupants et la surface de la maison. Il est aussi possible d\u2019int\u00e9grer votre cave ou votre garage dans les donn\u00e9es. Vous pouvez aussi commander des boites adapt\u00e9es pour vos bouteilles, vos verres et m\u00eame vos \u0153uvres d\u2019art. Des intercalaires pour que votre vaisselle ne s\u2019entrechoque pas pourraient aussi \u00eatre utiles ! D\u2019un autre c\u00f4t\u00e9, misez sur des rouleaux de ruban adh\u00e9sif transparent pour la fermeture de vos cartons. De cette mani\u00e8re vous n\u2019aurez plus besoin d\u2019\u00e9tiquettes pour inscrire le contenu de vos paquets, mais vous le ferez directement sur cette bande avec un marqueur. Enfin, outre les cartons, vous aurez aussi besoin de sacs-poubelle pour y mettre vos d\u00e9tritus.<\/p>\n\n\n\n<h2 class=\"wp-block-heading\">Un bon d\u00e9m\u00e9nageur qui vous aide dans toutes les \u00e9tapes de votre projet<\/h2>\n\n\n\n<p>Il va de soi que vous devrez choisir un d\u00e9m\u00e9nageur honn\u00eate et dont l\u2019activit\u00e9 est l\u00e9gale pour vous aider \u00e0 d\u00e9m\u00e9nager dans les bonnes conditions. N\u2019h\u00e9sitez pas \u00e0 comparer plusieurs offres pour trouver la plus int\u00e9ressante. M\u00eame si vous avez d\u00e9j\u00e0 communiqu\u00e9 par t\u00e9l\u00e9phone, votre prestataire peut solliciter une visite de vos logements pour se faire une id\u00e9e sur le volume de vos affaires et de ses contraintes logistiques. Il pourra ainsi mieux se pr\u00e9parer \u00e0 la date convenue.<br> Votre entreprise de d\u00e9m\u00e9nagement se charge du chargement de vos affaires dans le camion, leur acheminement vers votre nouvelle maison et leur d\u00e9chargement. Vous pouvez aussi lui demander de d\u00e9monter et de remonter vos meubles. Ses techniciens disposent en effet des outils et du savoir-faire pour ce faire. Vous ne risquez pas ainsi de d\u00e9molir vos meubles, de perdre du temps ou pire de vous blesser en raison d\u2019une t\u00e2che que vous ne ma\u00eetrisez pas. Certains techniciens peuvent m\u00eame d\u00e9monter votre piscine et la remonter \u00e0 destination. Votre d\u00e9m\u00e9nageur peut aussi utiliser un monte-meuble pour une logistique optimale lors de votre am\u00e9nagement. Vos cartons seront plac\u00e9s dans la nacelle pour \u00e9viter leur transport dans l\u2019ascenseur ou dans les escaliers. Votre sp\u00e9cialiste peut de m\u00eame assurer le rangement de vos affaires dans chaque chambre.<\/p>\n\n\n\n<p><\/p>\n","protected":false},"excerpt":{"rendered":"<p>Nous vous dressons un devis d\u00e9m\u00e9nagement gratuitement quelles que soient vos exigences. D\u00e9m\u00e9nager sereinement, c\u2019est possible gr\u00e2ce aux conseils suivants ! \u00c9vitez le stress pendant votre d\u00e9m\u00e9nagement demenageur.com\u00a0gr\u00e2ce \u00e0 une bonne organisation. Il s\u2019agit rarement d\u2019une partie de plaisir et pourtant, en vous pr\u00e9parant t\u00f4t, vous constaterez que cet \u00e9v\u00e9nement n\u2019est, en d\u00e9finitive, pas un &hellip; <a href=\"https:\/\/www.demenagementbesancon25000.fr\/\" class=\"more-link\">Continuer la lecture de <span class=\"screen-reader-text\">D\u00e9m\u00e9nagement Besan\u00e7on depuis 2006<\/span> <span class=\"meta-nav\">&rarr;<\/span><\/a><\/p>\n","protected":false},"author":1,"featured_media":0,"parent":0,"menu_order":0,"comment_status":"closed","ping_status":"closed","template":"","meta":{"_seopress_robots_primary_cat":"","_seopress_titles_title":"","_seopress_titles_desc":"","_seopress_robots_index":"","footnotes":""},"class_list":["post-6","page","type-page","status-publish","hentry"],"_links":{"self":[{"href":"https:\/\/www.demenagementbesancon25000.fr\/index.php\/wp-json\/wp\/v2\/pages\/6","targetHints":{"allow":["GET"]}}],"collection":[{"href":"https:\/\/www.demenagementbesancon25000.fr\/index.php\/wp-json\/wp\/v2\/pages"}],"about":[{"href":"https:\/\/www.demenagementbesancon25000.fr\/index.php\/wp-json\/wp\/v2\/types\/page"}],"author":[{"embeddable":true,"href":"https:\/\/www.demenagementbesancon25000.fr\/index.php\/wp-json\/wp\/v2\/users\/1"}],"replies":[{"embeddable":true,"href":"https:\/\/www.demenagementbesancon25000.fr\/index.php\/wp-json\/wp\/v2\/comments?post=6"}],"version-history":[{"count":8,"href":"https:\/\/www.demenagementbesancon25000.fr\/index.php\/wp-json\/wp\/v2\/pages\/6\/revisions"}],"predecessor-version":[{"id":19,"href":"https:\/\/www.demenagementbesancon25000.fr\/index.php\/wp-json\/wp\/v2\/pages\/6\/revisions\/19"}],"wp:attachment":[{"href":"https:\/\/www.demenagementbesancon25000.fr\/index.php\/wp-json\/wp\/v2\/media?parent=6"}],"curies":[{"name":"wp","href":"https:\/\/api.w.org\/{rel}","templated":true}]}}